{"id":68,"date":"2023-05-22T13:09:20","date_gmt":"2023-05-22T13:09:20","guid":{"rendered":"https:\/\/www.juurevahistoria.fi\/?page_id=68"},"modified":"2025-09-21T10:51:04","modified_gmt":"2025-09-21T10:51:04","slug":"historiakavely","status":"publish","type":"page","link":"https:\/\/www.juurevahistoria.fi\/?page_id=68","title":{"rendered":"Historiak\u00e4velyt"},"content":{"rendered":"\n<figure class=\"wp-block-image size-large\"><img loading=\"lazy\" decoding=\"async\" width=\"1024\" height=\"334\" src=\"https:\/\/www.juurevahistoria.fi\/wp-content\/uploads\/2023\/07\/Kavely-1024x334.jpg\" alt=\"\" class=\"wp-image-85\" srcset=\"https:\/\/www.juurevahistoria.fi\/wp-content\/uploads\/2023\/07\/Kavely-1024x334.jpg 1024w, https:\/\/www.juurevahistoria.fi\/wp-content\/uploads\/2023\/07\/Kavely-300x98.jpg 300w, https:\/\/www.juurevahistoria.fi\/wp-content\/uploads\/2023\/07\/Kavely-768x250.jpg 768w, https:\/\/www.juurevahistoria.fi\/wp-content\/uploads\/2023\/07\/Kavely-1536x501.jpg 1536w, https:\/\/www.juurevahistoria.fi\/wp-content\/uploads\/2023\/07\/Kavely-2048x668.jpg 2048w, https:\/\/www.juurevahistoria.fi\/wp-content\/uploads\/2023\/07\/Kavely-1568x511.jpg 1568w\" sizes=\"auto, (max-width: 1024px) 100vw, 1024px\" \/><figcaption class=\"wp-element-caption\">Historiak\u00e4vely Vesikosken kuohujen \u00e4\u00e4rell\u00e4 vierailee muun muassa Vesikosken taistelun muistomerkill\u00e4. Kuva: Elsa Hietala.<\/figcaption><\/figure>\n\n\n\n<p>N\u00e4e mennyt maisemassa! Loimaan seudun historia avautuu konkreettisesti silmien eteen asiantuntijan opastamilla historiak\u00e4velyill\u00e4. Valitse vaihtoehdoista suosikkisi ja tilaa historiak\u00e4vely ryhm\u00e4llesi. <\/p>\n\n\n\n<p>Hinta 150 \u20ac \/ ryhm\u00e4<\/p>\n\n\n\n<p>Tilaukset ja tiedustelut: kirsi@juurevahistoria.fi \/ puh. 0503752786<\/p>\n\n\n\n<p><strong>Historiak\u00e4vely Hirvikosken kyl\u00e4ll\u00e4<\/strong><\/p>\n\n\n\n<p>Hirvikoski oli satoja vuosia Loimaan keskuskyl\u00e4 kirkon l\u00e4heisyydess\u00e4. Mink\u00e4laisia ihmisi\u00e4, paikkoja ja tapahtumia kyl\u00e4n menneisyyteen liittyyk\u00e4\u00e4n, se selvi\u00e4\u00e4 historiak\u00e4velyll\u00e4. K\u00e4vely alkaa Hirvikosken kirjastolta (Hirvikoskentie 225, Loimaa), reitin pituus on noin 2 km ja opastuksen kesto noin 2 tuntia. <\/p>\n\n\n\n<p><strong>Historiak\u00e4vely rautatien varrella<\/strong><\/p>\n\n\n\n<p>Miten Loimaasta tuli Loimaa? Se Loimaa, jonka nykyisin tunnemme, on syntynyt rautatien seurauksena. Historiak\u00e4velyll\u00e4 tutustutaan rautatien rakentamisvaiheisiin, varhaiseen matkustamiseen ja rautatiehen liittyvien ammattilaisten tarinoihin. K\u00e4vely alkaa Loimaan asemalta (Asemakatu, Loimaa), reitin pituus on noin 1 km ja opastuksen kesto noin 2 tuntia. <\/p>\n\n\n\n<p><strong>Historiak\u00e4vely Vesikosken kuohujen \u00e4\u00e4rell\u00e4<\/strong><\/p>\n\n\n\n<p>Vesivoiman historiaa, teollisuutta, kartanohistoriaa ja taistelu &#8211; ainakin kaikkea t\u00e4t\u00e4 sis\u00e4ltyy historiak\u00e4velyyn Vesikosken maisemissa. K\u00e4vely alkaa Vesikosken myllylt\u00e4 (Hirvikoskentie 10, Loimaa), ja opastettu k\u00e4velymatka on noin 1,5 km (p\u00e4\u00e4ttyy Vesikoski-talolle), kesto noin 2 tuntia. <\/p>\n\n\n\n<p><strong>Historiak\u00e4vely seurakunnan syd\u00e4nmailla<\/strong><\/p>\n\n\n\n<p>Loimaan seurakunnan perustamisen yhteydess\u00e4 seurakunnalle varattiin laajat maa-alueet keskelt\u00e4 pit\u00e4j\u00e4\u00e4. Vaikka seurakunnan maat peruutettiin uskonpuhdistuksessa kruunulle, seurakunnan toiminnot s\u00e4ilyiv\u00e4t samoilla alueilla vuosisatoja. Mink\u00e4laisia tarinoita liittyy kirkkoihin ja hautausmaihin sek\u00e4 Pappilan ja Klokkarlan kyliin seurakunnan ytimess\u00e4? K\u00e4vely alkaa Kotiseutumuseon edustalta (Kanta-Loimaantie 13, Loimaa). Opastettu k\u00e4velymatka on noin 2 km (p\u00e4\u00e4ttyy vanhan kirkon hautausmaalle) ja kesto noin 2 tuntia. <\/p>\n\n\n\n<p><strong>Historiak\u00e4vely Mellil\u00e4n kyl\u00e4n ja aseman vaiheilla<\/strong><\/p>\n\n\n\n<p>Mellil\u00e4 oli vuosisatoja melko tavanomainen loimaalainen kyl\u00e4, kunnes sen maiden halki rakennettiin rautatie. Opastuksella k\u00e4vell\u00e4\u00e4n halki kyl\u00e4n historian 1500-luvulta 1900-luvulle ja n\u00e4hd\u00e4\u00e4n, miten maalaiskyl\u00e4n laidalle kasvoi taajama ja palveluiden keskus. K\u00e4vely alkaa 9-tien l\u00e4heisyydest\u00e4 erikseen sovittavasta paikasta. Opastettu k\u00e4velymatka on noin 2,5 km (p\u00e4\u00e4ttyy entiselle rautatieasemalle) ja kesto noin 2 tuntia. <\/p>\n\n\n\n<p><strong>Lis\u00e4tiedot<\/strong><\/p>\n\n\n\n<p>Kysytt\u00e4v\u00e4\u00e4 historiak\u00e4velyist\u00e4? Ota yhteytt\u00e4 kirsi@juurevahistoria.fi tai puh. 0503752786.<\/p>\n","protected":false},"excerpt":{"rendered":"<p>N\u00e4e mennyt maisemassa! Loimaan seudun historia avautuu konkreettisesti silmien eteen asiantuntijan opastamilla historiak\u00e4velyill\u00e4. Valitse vaihtoehdoista suosikkisi ja tilaa historiak\u00e4vely ryhm\u00e4llesi. Hinta 150 \u20ac \/ ryhm\u00e4 Tilaukset ja tiedustelut: kirsi@juurevahistoria.fi \/ puh. 0503752786 Historiak\u00e4vely Hirvikosken kyl\u00e4ll\u00e4 Hirvikoski oli satoja vuosia Loimaan keskuskyl\u00e4 kirkon l\u00e4heisyydess\u00e4. Mink\u00e4laisia ihmisi\u00e4, paikkoja ja tapahtumia kyl\u00e4n menneisyyteen liittyyk\u00e4\u00e4n, se selvi\u00e4\u00e4 historiak\u00e4velyll\u00e4. K\u00e4vely&hellip; <a class=\"more-link\" href=\"https:\/\/www.juurevahistoria.fi\/?page_id=68\">Jatka lukemista <span class=\"screen-reader-text\">Historiak\u00e4velyt<\/span><\/a><\/p>\n","protected":false},"author":1,"featured_media":0,"parent":0,"menu_order":0,"comment_status":"closed","ping_status":"closed","template":"","meta":{"footnotes":""},"class_list":["post-68","page","type-page","status-publish","hentry","entry"],"yoast_head":"<!-- This site is optimized with the Yoast SEO plugin v25.9 - https:\/\/yoast.com\/wordpress\/plugins\/seo\/ -->\n<title>Historiak\u00e4velyt - Juureva historia<\/title>\n<meta name=\"description\" content=\"Tilaa ryhm\u00e4llesi asiantuntijan opastama historiak\u00e4vely ja n\u00e4e menneisyys loimaalaisessa maisemassa!\" \/>\n<meta name=\"robots\" content=\"index, follow, max-snippet:-1, max-image-preview:large, max-video-preview:-1\" \/>\n<link rel=\"canonical\" href=\"http:\/\/www.juurevahistoria.fi\/?page_id=68\" \/>\n<meta property=\"og:locale\" content=\"fi_FI\" \/>\n<meta property=\"og:type\" content=\"article\" \/>\n<meta property=\"og:title\" content=\"Historiak\u00e4velyt - Juureva historia\" \/>\n<meta property=\"og:description\" content=\"Tilaa ryhm\u00e4llesi asiantuntijan opastama historiak\u00e4vely ja n\u00e4e menneisyys loimaalaisessa maisemassa!\" \/>\n<meta property=\"og:url\" content=\"http:\/\/www.juurevahistoria.fi\/?page_id=68\" \/>\n<meta property=\"og:site_name\" content=\"Juureva historia\" \/>\n<meta property=\"article:modified_time\" content=\"2025-09-21T10:51:04+00:00\" \/>\n<meta property=\"og:image\" content=\"https:\/\/www.juurevahistoria.fi\/wp-content\/uploads\/2023\/07\/Kavely-1024x334.jpg\" \/>\n<meta name=\"twitter:card\" content=\"summary_large_image\" \/>\n<meta name=\"twitter:label1\" content=\"Arvioitu lukuaika\" \/>\n\t<meta name=\"twitter:data1\" content=\"3 minuuttia\" \/>\n<script type=\"application\/ld+json\" class=\"yoast-schema-graph\">{\"@context\":\"https:\/\/schema.org\",\"@graph\":[{\"@type\":\"WebPage\",\"@id\":\"http:\/\/www.juurevahistoria.fi\/?page_id=68\",\"url\":\"http:\/\/www.juurevahistoria.fi\/?page_id=68\",\"name\":\"Historiak\u00e4velyt - Juureva historia\",\"isPartOf\":{\"@id\":\"http:\/\/www.juurevahistoria.fi\/#website\"},\"primaryImageOfPage\":{\"@id\":\"http:\/\/www.juurevahistoria.fi\/?page_id=68#primaryimage\"},\"image\":{\"@id\":\"http:\/\/www.juurevahistoria.fi\/?page_id=68#primaryimage\"},\"thumbnailUrl\":\"https:\/\/www.juurevahistoria.fi\/wp-content\/uploads\/2023\/07\/Kavely-1024x334.jpg\",\"datePublished\":\"2023-05-22T13:09:20+00:00\",\"dateModified\":\"2025-09-21T10:51:04+00:00\",\"description\":\"Tilaa ryhm\u00e4llesi asiantuntijan opastama historiak\u00e4vely ja n\u00e4e menneisyys loimaalaisessa maisemassa!\",\"breadcrumb\":{\"@id\":\"http:\/\/www.juurevahistoria.fi\/?page_id=68#breadcrumb\"},\"inLanguage\":\"fi\",\"potentialAction\":[{\"@type\":\"ReadAction\",\"target\":[\"http:\/\/www.juurevahistoria.fi\/?page_id=68\"]}]},{\"@type\":\"ImageObject\",\"inLanguage\":\"fi\",\"@id\":\"http:\/\/www.juurevahistoria.fi\/?page_id=68#primaryimage\",\"url\":\"https:\/\/www.juurevahistoria.fi\/wp-content\/uploads\/2023\/07\/Kavely-1024x334.jpg\",\"contentUrl\":\"https:\/\/www.juurevahistoria.fi\/wp-content\/uploads\/2023\/07\/Kavely-1024x334.jpg\"},{\"@type\":\"BreadcrumbList\",\"@id\":\"http:\/\/www.juurevahistoria.fi\/?page_id=68#breadcrumb\",\"itemListElement\":[{\"@type\":\"ListItem\",\"position\":1,\"name\":\"Home\",\"item\":\"http:\/\/www.juurevahistoria.fi\/\"},{\"@type\":\"ListItem\",\"position\":2,\"name\":\"Historiak\u00e4velyt\"}]},{\"@type\":\"WebSite\",\"@id\":\"http:\/\/www.juurevahistoria.fi\/#website\",\"url\":\"http:\/\/www.juurevahistoria.fi\/\",\"name\":\"Juureva historia\",\"description\":\"Historiaa maaseudun ja maatalouden n\u00e4k\u00f6kulmasta\",\"potentialAction\":[{\"@type\":\"SearchAction\",\"target\":{\"@type\":\"EntryPoint\",\"urlTemplate\":\"http:\/\/www.juurevahistoria.fi\/?s={search_term_string}\"},\"query-input\":{\"@type\":\"PropertyValueSpecification\",\"valueRequired\":true,\"valueName\":\"search_term_string\"}}],\"inLanguage\":\"fi\"}]}<\/script>\n<!-- \/ Yoast SEO plugin. -->","yoast_head_json":{"title":"Historiak\u00e4velyt - Juureva historia","description":"Tilaa ryhm\u00e4llesi asiantuntijan opastama historiak\u00e4vely ja n\u00e4e menneisyys loimaalaisessa maisemassa!","robots":{"index":"index","follow":"follow","max-snippet":"max-snippet:-1","max-image-preview":"max-image-preview:large","max-video-preview":"max-video-preview:-1"},"canonical":"http:\/\/www.juurevahistoria.fi\/?page_id=68","og_locale":"fi_FI","og_type":"article","og_title":"Historiak\u00e4velyt - Juureva historia","og_description":"Tilaa ryhm\u00e4llesi asiantuntijan opastama historiak\u00e4vely ja n\u00e4e menneisyys loimaalaisessa maisemassa!","og_url":"http:\/\/www.juurevahistoria.fi\/?page_id=68","og_site_name":"Juureva historia","article_modified_time":"2025-09-21T10:51:04+00:00","og_image":[{"url":"https:\/\/www.juurevahistoria.fi\/wp-content\/uploads\/2023\/07\/Kavely-1024x334.jpg","type":"","width":"","height":""}],"twitter_card":"summary_large_image","twitter_misc":{"Arvioitu lukuaika":"3 minuuttia"},"schema":{"@context":"https:\/\/schema.org","@graph":[{"@type":"WebPage","@id":"http:\/\/www.juurevahistoria.fi\/?page_id=68","url":"http:\/\/www.juurevahistoria.fi\/?page_id=68","name":"Historiak\u00e4velyt - Juureva historia","isPartOf":{"@id":"http:\/\/www.juurevahistoria.fi\/#website"},"primaryImageOfPage":{"@id":"http:\/\/www.juurevahistoria.fi\/?page_id=68#primaryimage"},"image":{"@id":"http:\/\/www.juurevahistoria.fi\/?page_id=68#primaryimage"},"thumbnailUrl":"https:\/\/www.juurevahistoria.fi\/wp-content\/uploads\/2023\/07\/Kavely-1024x334.jpg","datePublished":"2023-05-22T13:09:20+00:00","dateModified":"2025-09-21T10:51:04+00:00","description":"Tilaa ryhm\u00e4llesi asiantuntijan opastama historiak\u00e4vely ja n\u00e4e menneisyys loimaalaisessa maisemassa!","breadcrumb":{"@id":"http:\/\/www.juurevahistoria.fi\/?page_id=68#breadcrumb"},"inLanguage":"fi","potentialAction":[{"@type":"ReadAction","target":["http:\/\/www.juurevahistoria.fi\/?page_id=68"]}]},{"@type":"ImageObject","inLanguage":"fi","@id":"http:\/\/www.juurevahistoria.fi\/?page_id=68#primaryimage","url":"https:\/\/www.juurevahistoria.fi\/wp-content\/uploads\/2023\/07\/Kavely-1024x334.jpg","contentUrl":"https:\/\/www.juurevahistoria.fi\/wp-content\/uploads\/2023\/07\/Kavely-1024x334.jpg"},{"@type":"BreadcrumbList","@id":"http:\/\/www.juurevahistoria.fi\/?page_id=68#breadcrumb","itemListElement":[{"@type":"ListItem","position":1,"name":"Home","item":"http:\/\/www.juurevahistoria.fi\/"},{"@type":"ListItem","position":2,"name":"Historiak\u00e4velyt"}]},{"@type":"WebSite","@id":"http:\/\/www.juurevahistoria.fi\/#website","url":"http:\/\/www.juurevahistoria.fi\/","name":"Juureva historia","description":"Historiaa maaseudun ja maatalouden n\u00e4k\u00f6kulmasta","potentialAction":[{"@type":"SearchAction","target":{"@type":"EntryPoint","urlTemplate":"http:\/\/www.juurevahistoria.fi\/?s={search_term_string}"},"query-input":{"@type":"PropertyValueSpecification","valueRequired":true,"valueName":"search_term_string"}}],"inLanguage":"fi"}]}},"_links":{"self":[{"href":"https:\/\/www.juurevahistoria.fi\/index.php?rest_route=\/wp\/v2\/pages\/68","targetHints":{"allow":["GET"]}}],"collection":[{"href":"https:\/\/www.juurevahistoria.fi\/index.php?rest_route=\/wp\/v2\/pages"}],"about":[{"href":"https:\/\/www.juurevahistoria.fi\/index.php?rest_route=\/wp\/v2\/types\/page"}],"author":[{"embeddable":true,"href":"https:\/\/www.juurevahistoria.fi\/index.php?rest_route=\/wp\/v2\/users\/1"}],"replies":[{"embeddable":true,"href":"https:\/\/www.juurevahistoria.fi\/index.php?rest_route=%2Fwp%2Fv2%2Fcomments&post=68"}],"version-history":[{"count":12,"href":"https:\/\/www.juurevahistoria.fi\/index.php?rest_route=\/wp\/v2\/pages\/68\/revisions"}],"predecessor-version":[{"id":116,"href":"https:\/\/www.juurevahistoria.fi\/index.php?rest_route=\/wp\/v2\/pages\/68\/revisions\/116"}],"wp:attachment":[{"href":"https:\/\/www.juurevahistoria.fi\/index.php?rest_route=%2Fwp%2Fv2%2Fmedia&parent=68"}],"curies":[{"name":"wp","href":"https:\/\/api.w.org\/{rel}","templated":true}]}}