{"id":12,"date":"2022-11-07T16:09:29","date_gmt":"2022-11-07T16:09:29","guid":{"rendered":"http:\/\/www.juurevahistoria.fi\/?page_id=12"},"modified":"2025-09-21T10:46:43","modified_gmt":"2025-09-21T10:46:43","slug":"luo-sivustosi-lohkoilla","status":"publish","type":"page","link":"http:\/\/www.juurevahistoria.fi\/","title":{"rendered":"Ei otsikkoa"},"content":{"rendered":"\n<h2 class=\"wp-block-heading alignwide has-text-align-wide has-gigantic-font-size\" style=\"line-height:1.1\">Tervetuloa juurille!<\/h2>\n\n\n\n<div style=\"height:50px\" aria-hidden=\"true\" class=\"wp-block-spacer\"><\/div>\n\n\n\n<div class=\"wp-block-columns alignwide are-vertically-aligned-top is-layout-flex wp-container-core-columns-is-layout-9d6595d7 wp-block-columns-is-layout-flex\">\n<div class=\"wp-block-column is-vertically-aligned-top is-layout-flow wp-block-column-is-layout-flow\">\n<h3 class=\"wp-block-heading\">Juureva historia?<\/h3>\n\n\n\n<p>Juureva historia on erikoistunut maaseudun ja maatalouden historiaan. <\/p>\n\n\n\n<p>Juurilta l\u00f6ytyy:<\/p>\n\n\n\n<ul class=\"wp-block-list\">\n<li>kenelle tahansa aiheesta kiinnostuneelle historiantutkimukseen perustuvia sis\u00e4lt\u00f6j\u00e4<\/li>\n\n\n\n<li>kulttuuriperint\u00f6alan toimijoille apua asiakasl\u00e4ht\u00f6isten ja pedagogisesti toimivien sis\u00e4lt\u00f6jen ja palvelujen luomiseen.<\/li>\n<\/ul>\n\n\n\n<p><\/p>\n<\/div>\n\n\n\n<div class=\"wp-block-column is-vertically-aligned-top is-layout-flow wp-block-column-is-layout-flow\">\n<p><\/p>\n\n\n\n<figure class=\"wp-block-image size-full\"><img loading=\"lazy\" decoding=\"async\" width=\"2560\" height=\"1964\" src=\"http:\/\/www.juurevahistoria.fi\/wp-content\/uploads\/2023\/12\/DSC1258_raj_pieni-scaled.jpg\" alt=\"Maisema\" class=\"wp-image-93\" srcset=\"http:\/\/www.juurevahistoria.fi\/wp-content\/uploads\/2023\/12\/DSC1258_raj_pieni-scaled.jpg 2560w, http:\/\/www.juurevahistoria.fi\/wp-content\/uploads\/2023\/12\/DSC1258_raj_pieni-300x230.jpg 300w, http:\/\/www.juurevahistoria.fi\/wp-content\/uploads\/2023\/12\/DSC1258_raj_pieni-1024x785.jpg 1024w, http:\/\/www.juurevahistoria.fi\/wp-content\/uploads\/2023\/12\/DSC1258_raj_pieni-768x589.jpg 768w, http:\/\/www.juurevahistoria.fi\/wp-content\/uploads\/2023\/12\/DSC1258_raj_pieni-1536x1178.jpg 1536w, http:\/\/www.juurevahistoria.fi\/wp-content\/uploads\/2023\/12\/DSC1258_raj_pieni-2048x1571.jpg 2048w, http:\/\/www.juurevahistoria.fi\/wp-content\/uploads\/2023\/12\/DSC1258_raj_pieni-1568x1203.jpg 1568w\" sizes=\"auto, (max-width: 2560px) 100vw, 2560px\" \/><figcaption class=\"wp-element-caption\">Historiak\u00e4vely Vesikosken kuohujen \u00e4\u00e4rell\u00e4 sis\u00e4lt\u00e4\u00e4 sek\u00e4 maatalouden ett\u00e4 teollisuuden historiaa. Kuva: Elsa Hietala.<\/figcaption><\/figure>\n<\/div>\n\n\n\n<div class=\"wp-block-column is-vertically-aligned-top is-layout-flow wp-block-column-is-layout-flow\">\n<h3 class=\"wp-block-heading\">Tervetuloa historiak\u00e4velyille!<\/h3>\n\n\n\n<p>Juurevan historian historiak\u00e4velyt Loimaan seudulla ohjaavat n\u00e4kem\u00e4\u00e4n menneen maisemassa. Historiak\u00e4velyt <em>Vesikosken kuohujen \u00e4\u00e4relle<\/em>, <em>Seurakunnan syd\u00e4nmaille<\/em>, <em>Mellil\u00e4n kyl\u00e4n ja aseman vaiheille<\/em>, <em>Hirvikosken kyl\u00e4lle<\/em> sek\u00e4 <em>Rautatien varrelle<\/em> tilattavissa ryhmille.<\/p>\n\n\n\n<p><a href=\"https:\/\/www.juurevahistoria.fi\/?page_id=68\" target=\"_blank\" rel=\"noreferrer noopener\">Lue lis\u00e4\u00e4 <\/a><\/p>\n<\/div>\n<\/div>\n","protected":false},"excerpt":{"rendered":"<p>Tervetuloa juurille! Juureva historia? Juureva historia on erikoistunut maaseudun ja maatalouden historiaan. Juurilta l\u00f6ytyy: Tervetuloa historiak\u00e4velyille! Juurevan historian historiak\u00e4velyt Loimaan seudulla ohjaavat n\u00e4kem\u00e4\u00e4n menneen maisemassa. Historiak\u00e4velyt Vesikosken kuohujen \u00e4\u00e4relle, Seurakunnan syd\u00e4nmaille, Mellil\u00e4n kyl\u00e4n ja aseman vaiheille, Hirvikosken kyl\u00e4lle sek\u00e4 Rautatien varrelle tilattavissa ryhmille. Lue lis\u00e4\u00e4<\/p>\n","protected":false},"author":1,"featured_media":0,"parent":0,"menu_order":0,"comment_status":"closed","ping_status":"closed","template":"","meta":{"footnotes":""},"class_list":["post-12","page","type-page","status-publish","hentry","entry"],"yoast_head":"<!-- This site is optimized with the Yoast SEO plugin v25.9 - https:\/\/yoast.com\/wordpress\/plugins\/seo\/ -->\n<title>- Juureva historia<\/title>\n<meta name=\"description\" content=\"Juurava historia tarjoaa maaseudun ja maatalouden historiaa. Historiak\u00e4velyt Loimaan seudulla ohjaavat n\u00e4kem\u00e4\u00e4n menneisyyden maisemassa.\" \/>\n<meta name=\"robots\" content=\"index, follow, max-snippet:-1, max-image-preview:large, max-video-preview:-1\" \/>\n<link rel=\"canonical\" href=\"http:\/\/www.juurevahistoria.fi\/\" \/>\n<meta property=\"og:locale\" content=\"fi_FI\" \/>\n<meta property=\"og:type\" content=\"article\" \/>\n<meta property=\"og:title\" content=\"- Juureva historia\" \/>\n<meta property=\"og:description\" content=\"Juurava historia tarjoaa maaseudun ja maatalouden historiaa. Historiak\u00e4velyt Loimaan seudulla ohjaavat n\u00e4kem\u00e4\u00e4n menneisyyden maisemassa.\" \/>\n<meta property=\"og:url\" content=\"http:\/\/www.juurevahistoria.fi\/\" \/>\n<meta property=\"og:site_name\" content=\"Juureva historia\" \/>\n<meta property=\"article:modified_time\" content=\"2025-09-21T10:46:43+00:00\" \/>\n<meta property=\"og:image\" content=\"http:\/\/www.juurevahistoria.fi\/wp-content\/uploads\/2023\/12\/DSC1258_raj_pieni-scaled.jpg\" \/>\n<meta name=\"twitter:card\" content=\"summary_large_image\" \/>\n<meta name=\"twitter:label1\" content=\"Arvioitu lukuaika\" \/>\n\t<meta name=\"twitter:data1\" content=\"1 minuutti\" \/>\n<script type=\"application\/ld+json\" class=\"yoast-schema-graph\">{\"@context\":\"https:\/\/schema.org\",\"@graph\":[{\"@type\":\"WebPage\",\"@id\":\"http:\/\/www.juurevahistoria.fi\/\",\"url\":\"http:\/\/www.juurevahistoria.fi\/\",\"name\":\"- Juureva historia\",\"isPartOf\":{\"@id\":\"http:\/\/www.juurevahistoria.fi\/#website\"},\"primaryImageOfPage\":{\"@id\":\"http:\/\/www.juurevahistoria.fi\/#primaryimage\"},\"image\":{\"@id\":\"http:\/\/www.juurevahistoria.fi\/#primaryimage\"},\"thumbnailUrl\":\"http:\/\/www.juurevahistoria.fi\/wp-content\/uploads\/2023\/12\/DSC1258_raj_pieni-scaled.jpg\",\"datePublished\":\"2022-11-07T16:09:29+00:00\",\"dateModified\":\"2025-09-21T10:46:43+00:00\",\"description\":\"Juurava historia tarjoaa maaseudun ja maatalouden historiaa. Historiak\u00e4velyt Loimaan seudulla ohjaavat n\u00e4kem\u00e4\u00e4n menneisyyden maisemassa.\",\"breadcrumb\":{\"@id\":\"http:\/\/www.juurevahistoria.fi\/#breadcrumb\"},\"inLanguage\":\"fi\",\"potentialAction\":[{\"@type\":\"ReadAction\",\"target\":[\"http:\/\/www.juurevahistoria.fi\/\"]}]},{\"@type\":\"ImageObject\",\"inLanguage\":\"fi\",\"@id\":\"http:\/\/www.juurevahistoria.fi\/#primaryimage\",\"url\":\"http:\/\/www.juurevahistoria.fi\/wp-content\/uploads\/2023\/12\/DSC1258_raj_pieni-scaled.jpg\",\"contentUrl\":\"http:\/\/www.juurevahistoria.fi\/wp-content\/uploads\/2023\/12\/DSC1258_raj_pieni-scaled.jpg\"},{\"@type\":\"BreadcrumbList\",\"@id\":\"http:\/\/www.juurevahistoria.fi\/#breadcrumb\",\"itemListElement\":[{\"@type\":\"ListItem\",\"position\":1,\"name\":\"Home\",\"item\":\"http:\/\/www.juurevahistoria.fi\/\"},{\"@type\":\"ListItem\",\"position\":2,\"name\":\"Ei otsikkoa\"}]},{\"@type\":\"WebSite\",\"@id\":\"http:\/\/www.juurevahistoria.fi\/#website\",\"url\":\"http:\/\/www.juurevahistoria.fi\/\",\"name\":\"Juureva historia\",\"description\":\"Historiaa maaseudun ja maatalouden n\u00e4k\u00f6kulmasta\",\"potentialAction\":[{\"@type\":\"SearchAction\",\"target\":{\"@type\":\"EntryPoint\",\"urlTemplate\":\"http:\/\/www.juurevahistoria.fi\/?s={search_term_string}\"},\"query-input\":{\"@type\":\"PropertyValueSpecification\",\"valueRequired\":true,\"valueName\":\"search_term_string\"}}],\"inLanguage\":\"fi\"}]}<\/script>\n<!-- \/ Yoast SEO plugin. -->","yoast_head_json":{"title":"- Juureva historia","description":"Juurava historia tarjoaa maaseudun ja maatalouden historiaa. Historiak\u00e4velyt Loimaan seudulla ohjaavat n\u00e4kem\u00e4\u00e4n menneisyyden maisemassa.","robots":{"index":"index","follow":"follow","max-snippet":"max-snippet:-1","max-image-preview":"max-image-preview:large","max-video-preview":"max-video-preview:-1"},"canonical":"http:\/\/www.juurevahistoria.fi\/","og_locale":"fi_FI","og_type":"article","og_title":"- Juureva historia","og_description":"Juurava historia tarjoaa maaseudun ja maatalouden historiaa. Historiak\u00e4velyt Loimaan seudulla ohjaavat n\u00e4kem\u00e4\u00e4n menneisyyden maisemassa.","og_url":"http:\/\/www.juurevahistoria.fi\/","og_site_name":"Juureva historia","article_modified_time":"2025-09-21T10:46:43+00:00","og_image":[{"url":"http:\/\/www.juurevahistoria.fi\/wp-content\/uploads\/2023\/12\/DSC1258_raj_pieni-scaled.jpg","type":"","width":"","height":""}],"twitter_card":"summary_large_image","twitter_misc":{"Arvioitu lukuaika":"1 minuutti"},"schema":{"@context":"https:\/\/schema.org","@graph":[{"@type":"WebPage","@id":"http:\/\/www.juurevahistoria.fi\/","url":"http:\/\/www.juurevahistoria.fi\/","name":"- Juureva historia","isPartOf":{"@id":"http:\/\/www.juurevahistoria.fi\/#website"},"primaryImageOfPage":{"@id":"http:\/\/www.juurevahistoria.fi\/#primaryimage"},"image":{"@id":"http:\/\/www.juurevahistoria.fi\/#primaryimage"},"thumbnailUrl":"http:\/\/www.juurevahistoria.fi\/wp-content\/uploads\/2023\/12\/DSC1258_raj_pieni-scaled.jpg","datePublished":"2022-11-07T16:09:29+00:00","dateModified":"2025-09-21T10:46:43+00:00","description":"Juurava historia tarjoaa maaseudun ja maatalouden historiaa. Historiak\u00e4velyt Loimaan seudulla ohjaavat n\u00e4kem\u00e4\u00e4n menneisyyden maisemassa.","breadcrumb":{"@id":"http:\/\/www.juurevahistoria.fi\/#breadcrumb"},"inLanguage":"fi","potentialAction":[{"@type":"ReadAction","target":["http:\/\/www.juurevahistoria.fi\/"]}]},{"@type":"ImageObject","inLanguage":"fi","@id":"http:\/\/www.juurevahistoria.fi\/#primaryimage","url":"http:\/\/www.juurevahistoria.fi\/wp-content\/uploads\/2023\/12\/DSC1258_raj_pieni-scaled.jpg","contentUrl":"http:\/\/www.juurevahistoria.fi\/wp-content\/uploads\/2023\/12\/DSC1258_raj_pieni-scaled.jpg"},{"@type":"BreadcrumbList","@id":"http:\/\/www.juurevahistoria.fi\/#breadcrumb","itemListElement":[{"@type":"ListItem","position":1,"name":"Home","item":"http:\/\/www.juurevahistoria.fi\/"},{"@type":"ListItem","position":2,"name":"Ei otsikkoa"}]},{"@type":"WebSite","@id":"http:\/\/www.juurevahistoria.fi\/#website","url":"http:\/\/www.juurevahistoria.fi\/","name":"Juureva historia","description":"Historiaa maaseudun ja maatalouden n\u00e4k\u00f6kulmasta","potentialAction":[{"@type":"SearchAction","target":{"@type":"EntryPoint","urlTemplate":"http:\/\/www.juurevahistoria.fi\/?s={search_term_string}"},"query-input":{"@type":"PropertyValueSpecification","valueRequired":true,"valueName":"search_term_string"}}],"inLanguage":"fi"}]}},"_links":{"self":[{"href":"http:\/\/www.juurevahistoria.fi\/index.php?rest_route=\/wp\/v2\/pages\/12","targetHints":{"allow":["GET"]}}],"collection":[{"href":"http:\/\/www.juurevahistoria.fi\/index.php?rest_route=\/wp\/v2\/pages"}],"about":[{"href":"http:\/\/www.juurevahistoria.fi\/index.php?rest_route=\/wp\/v2\/types\/page"}],"author":[{"embeddable":true,"href":"http:\/\/www.juurevahistoria.fi\/index.php?rest_route=\/wp\/v2\/users\/1"}],"replies":[{"embeddable":true,"href":"http:\/\/www.juurevahistoria.fi\/index.php?rest_route=%2Fwp%2Fv2%2Fcomments&post=12"}],"version-history":[{"count":16,"href":"http:\/\/www.juurevahistoria.fi\/index.php?rest_route=\/wp\/v2\/pages\/12\/revisions"}],"predecessor-version":[{"id":114,"href":"http:\/\/www.juurevahistoria.fi\/index.php?rest_route=\/wp\/v2\/pages\/12\/revisions\/114"}],"wp:attachment":[{"href":"http:\/\/www.juurevahistoria.fi\/index.php?rest_route=%2Fwp%2Fv2%2Fmedia&parent=12"}],"curies":[{"name":"wp","href":"https:\/\/api.w.org\/{rel}","templated":true}]}}